{"id":1526,"date":"2024-05-31T09:30:16","date_gmt":"2024-05-31T07:30:16","guid":{"rendered":"http:\/\/www.av2e.fr\/?page_id=1526"},"modified":"2025-08-06T09:54:33","modified_gmt":"2025-08-06T07:54:33","slug":"bso-brise_soleil_orientable","status":"publish","type":"page","link":"https:\/\/www.av2e.fr\/?page_id=1526","title":{"rendered":"BSO-Brise_Soleil_Orientable"},"content":{"rendered":"\n<div class=\"wp-block-buttons\">\n<div class=\"wp-block-button\"><a class=\"wp-block-button__link\" href=\"http:\/\/www.av2e.fr\/?page_id=667\">protection solaire <\/a><\/div>\n\n\n\n<div class=\"wp-block-button\"><a class=\"wp-block-button__link\" href=\"http:\/\/www.av2e.fr\/?page_id=669\">rafraichissement<\/a><\/div>\n\n\n\n<div class=\"wp-block-button\"><a class=\"wp-block-button__link\" href=\"http:\/\/www.av2e.fr\/?page_id=671\">accompagnement<\/a><\/div>\n<\/div>\n\n\n\n<p>Vous trouverez dans cette rubrique l&rsquo;ensemble des documents concernant le prototype BSO<\/p>\n\n\n\n<p><a href=\"http:\/\/www.av2e.fr\/wp-content\/uploads\/2025\/04\/accord-de-principe-plans-valides-courrier-RBTA-2023-11-14.pdf\" data-type=\"URL\" data-id=\"http:\/\/www.av2e.fr\/wp-content\/uploads\/2025\/04\/accord-de-principe-plans-valides-courrier-RBTA-2023-11-14.pdf\">accord de principe cabinet Ricardo bofill pour pose BSO<\/a><\/p>\n\n\n\n<p><a rel=\"noreferrer noopener\" href=\"http:\/\/www.av2e.fr\/wp-content\/uploads\/2024\/05\/devis-prototype-BSO.pdf\" data-type=\"URL\" data-id=\"http:\/\/www.av2e.fr\/wp-content\/uploads\/2024\/05\/devis-prototype-BSO.pdf\" target=\"_blank\">Devis prototype BSO<\/a><br><a rel=\"noreferrer noopener\" href=\"http:\/\/www.av2e.fr\/wp-content\/uploads\/2024\/05\/DP-recepisse-240319.pdf\" data-type=\"URL\" data-id=\"http:\/\/www.av2e.fr\/wp-content\/uploads\/2024\/05\/DP-recepisse-240319.pdf\" target=\"_blank\">R\u00e9c\u00e9piss\u00e9 DP<\/a><\/p>\n\n\n\n<p><a href=\"http:\/\/www.av2e.fr\/wp-content\/uploads\/2025\/04\/CR-reunion-de-chantier-1-du-23-avril-2023-.pdf\" data-type=\"URL\" data-id=\"http:\/\/www.av2e.fr\/wp-content\/uploads\/2025\/04\/CR-reunion-de-chantier-1-du-23-avril-2023-.pdf\">CR de chantier pose BSO<\/a><\/p>\n\n\n\n<p><a href=\"http:\/\/www.av2e.fr\/wp-content\/uploads\/2025\/04\/retour-pose-prototype-BSO-le-23-07-2025.pdf\" data-type=\"URL\" data-id=\"http:\/\/www.av2e.fr\/wp-content\/uploads\/2025\/04\/retour-pose-prototype-BSO-le-23-07-2025.pdf\">retour pose prototypes BSO le 27 juillet 2024<\/a><\/p>\n\n\n\n<p><a href=\"http:\/\/www.av2e.fr\/wp-content\/uploads\/2025\/04\/Carnet-de-bord-suivi-prototype-Port-Juvenal-20-pages.pdf\" data-type=\"URL\" data-id=\"http:\/\/www.av2e.fr\/wp-content\/uploads\/2025\/04\/Carnet-de-bord-suivi-prototype-Port-Juvenal-20-pages.pdf\">carnet de suivi prototypes BSO<\/a><\/p>\n\n\n\n<p><a href=\"http:\/\/www.av2e.fr\/wp-content\/uploads\/2025\/04\/cr-visite-cabinet-RB-presentation-BSO.pdf\" data-type=\"URL\" data-id=\"http:\/\/www.av2e.fr\/wp-content\/uploads\/2025\/04\/cr-visite-cabinet-RB-presentation-BSO.pdf\">CR visite CB prototypes BSO 27 septembre 2024<\/a><\/p>\n\n\n\n<p>dessin modifi\u00e9 BSO 1<a href=\"http:\/\/www.av2e.fr\/wp-content\/uploads\/2025\/04\/RB-derniere-version-PORT-JUV-proto-V2.2-1-1.pdf\" data-type=\"URL\" data-id=\"http:\/\/www.av2e.fr\/wp-content\/uploads\/2025\/04\/RB-derniere-version-PORT-JUV-proto-V2.2-1-1.pdf\">http:\/\/www.av2e.fr\/wp-content\/uploads\/2025\/04\/RB-derniere-version-PORT-JUV-proto-V2.2-1-1.pdf<\/a><\/p>\n\n\n\n<p>dessin modifi\u00e9 2 <a href=\"http:\/\/www.av2e.fr\/wp-content\/uploads\/2025\/04\/RB-derniere-version-PORT-JUV-proto-V2.2-2-1.pdf\" data-type=\"URL\" data-id=\"http:\/\/www.av2e.fr\/wp-content\/uploads\/2025\/04\/RB-derniere-version-PORT-JUV-proto-V2.2-2-1.pdf\">http:\/\/www.av2e.fr\/wp-content\/uploads\/2025\/04\/RB-derniere-version-PORT-JUV-proto-V2.2-2-1.pdf<\/a><\/p>\n\n\n\n<p>dessin modifi\u00e9 3<a href=\"http:\/\/www.av2e.fr\/wp-content\/uploads\/2025\/04\/RB-derniere-version-2024PORT-JUV-proto-V2.2-3-1.pdf\" data-type=\"URL\" data-id=\"http:\/\/www.av2e.fr\/wp-content\/uploads\/2025\/04\/RB-derniere-version-2024PORT-JUV-proto-V2.2-3-1.pdf\">http:\/\/www.av2e.fr\/wp-content\/uploads\/2025\/04\/RB-derniere-version-2024PORT-JUV-proto-V2.2-3-1.pdf<\/a><\/p>\n","protected":false},"excerpt":{"rendered":"<p>Vous trouverez dans cette rubrique l&rsquo;ensemble des documents concernant le prototype BSO accord de principe cabinet Ricardo bofill pour pose BSO Devis prototype BSOR\u00e9c\u00e9piss\u00e9 DP CR de chantier pose BSO &#8230;<\/p>\n","protected":false},"author":1,"featured_media":0,"parent":0,"menu_order":0,"comment_status":"closed","ping_status":"closed","template":"","meta":[],"_links":{"self":[{"href":"https:\/\/www.av2e.fr\/index.php?rest_route=\/wp\/v2\/pages\/1526"}],"collection":[{"href":"https:\/\/www.av2e.fr\/index.php?rest_route=\/wp\/v2\/pages"}],"about":[{"href":"https:\/\/www.av2e.fr\/index.php?rest_route=\/wp\/v2\/types\/page"}],"author":[{"embeddable":true,"href":"https:\/\/www.av2e.fr\/index.php?rest_route=\/wp\/v2\/users\/1"}],"replies":[{"embeddable":true,"href":"https:\/\/www.av2e.fr\/index.php?rest_route=%2Fwp%2Fv2%2Fcomments&post=1526"}],"version-history":[{"count":13,"href":"https:\/\/www.av2e.fr\/index.php?rest_route=\/wp\/v2\/pages\/1526\/revisions"}],"predecessor-version":[{"id":1959,"href":"https:\/\/www.av2e.fr\/index.php?rest_route=\/wp\/v2\/pages\/1526\/revisions\/1959"}],"wp:attachment":[{"href":"https:\/\/www.av2e.fr\/index.php?rest_route=%2Fwp%2Fv2%2Fmedia&parent=1526"}],"curies":[{"name":"wp","href":"https:\/\/api.w.org\/{rel}","templated":true}]}}