{"id":49,"date":"2021-01-13T15:06:36","date_gmt":"2021-01-13T14:06:36","guid":{"rendered":"http:\/\/www.av2e.fr\/?page_id=49"},"modified":"2021-01-13T15:19:12","modified_gmt":"2021-01-13T14:19:12","slug":"utiles","status":"publish","type":"page","link":"https:\/\/www.av2e.fr\/?page_id=49","title":{"rendered":"UTILES"},"content":{"rendered":"\n<p>Rien de plus ennuyeux que de ne pas retrouver un num\u00e9ro de t\u00e9l\u00e9phone quand on en a besoin tout de suite !&nbsp;<\/p>\n\n\n\n<p>La plupart d\u2019entre eux figure dans le livret d\u2019accueil distribu\u00e9 \u00e0 chaque r\u00e9sident en septembre dernier.&nbsp;<\/p>\n\n\n\n<p>Cependant un petit rappel ne fait pas de mal.&nbsp;<\/p>\n\n\n\n<p><strong>Foncia :<\/strong> 04 99 61 42 96 &#8211; 04 99 61 42 67&nbsp;<\/p>\n\n\n\n<p><strong>Police nationale : <\/strong>17&nbsp;<\/p>\n\n\n\n<p><strong>Police municipale : <\/strong>04 67 34 59 25&nbsp;<\/p>\n\n\n\n<p><strong>Brigade tranquillit\u00e9 (nuisances sonores) :<\/strong> 04 67 34 59 52&nbsp;<\/p>\n\n\n\n<p><strong>Brigade propret\u00e9 et incivilit\u00e9 :<\/strong> 04 99 58 80 31&nbsp;<\/p>\n\n\n\n<p><strong>Montpellier au quotidien :<\/strong> 0800 34 07 07&nbsp;<\/p>\n\n\n\n<p><strong>Maison de la d\u00e9mocratie : <\/strong>04 67 34 88 02&nbsp;<\/p>\n","protected":false},"excerpt":{"rendered":"<p>Rien de plus ennuyeux que de ne pas retrouver un num\u00e9ro de t\u00e9l\u00e9phone quand on en a besoin tout de suite !&nbsp; La plupart d\u2019entre eux figure dans le livret &#8230;<\/p>\n","protected":false},"author":1,"featured_media":0,"parent":0,"menu_order":0,"comment_status":"closed","ping_status":"closed","template":"template-fullwidth.php","meta":[],"_links":{"self":[{"href":"https:\/\/www.av2e.fr\/index.php?rest_route=\/wp\/v2\/pages\/49"}],"collection":[{"href":"https:\/\/www.av2e.fr\/index.php?rest_route=\/wp\/v2\/pages"}],"about":[{"href":"https:\/\/www.av2e.fr\/index.php?rest_route=\/wp\/v2\/types\/page"}],"author":[{"embeddable":true,"href":"https:\/\/www.av2e.fr\/index.php?rest_route=\/wp\/v2\/users\/1"}],"replies":[{"embeddable":true,"href":"https:\/\/www.av2e.fr\/index.php?rest_route=%2Fwp%2Fv2%2Fcomments&post=49"}],"version-history":[{"count":2,"href":"https:\/\/www.av2e.fr\/index.php?rest_route=\/wp\/v2\/pages\/49\/revisions"}],"predecessor-version":[{"id":53,"href":"https:\/\/www.av2e.fr\/index.php?rest_route=\/wp\/v2\/pages\/49\/revisions\/53"}],"wp:attachment":[{"href":"https:\/\/www.av2e.fr\/index.php?rest_route=%2Fwp%2Fv2%2Fmedia&parent=49"}],"curies":[{"name":"wp","href":"https:\/\/api.w.org\/{rel}","templated":true}]}}