{"id":78,"date":"2021-01-13T17:52:47","date_gmt":"2021-01-13T16:52:47","guid":{"rendered":"http:\/\/www.av2e.fr\/?page_id=78"},"modified":"2025-11-23T18:34:24","modified_gmt":"2025-11-23T17:34:24","slug":"documents","status":"publish","type":"page","link":"https:\/\/www.av2e.fr\/?page_id=78","title":{"rendered":"COMPTES-RENDUS"},"content":{"rendered":"\n<p><strong>Compte rendu des  Conseils  d&rsquo;administration de l\u2019AV2<\/strong>E et des AG <\/p>\n\n\n\n<p>CR-CA -07-10-25<a href=\"http:\/\/www.av2e.fr\/wp-content\/uploads\/2025\/11\/Compte-rendu-du-CA-du-7-octobre-2025-18-h-.pdf\" data-type=\"URL\" data-id=\"http:\/\/www.av2e.fr\/wp-content\/uploads\/2025\/11\/Compte-rendu-du-CA-du-7-octobre-2025-18-h-.pdf\" target=\"_blank\" rel=\"noreferrer noopener\">http:\/\/www.av2e.fr\/wp-content\/uploads\/2025\/11\/Compte-rendu-du-CA-du-7-octobre-2025-18-h-.pdf<\/a><\/p>\n\n\n\n<p><a rel=\"noreferrer noopener\" href=\"http:\/\/www.av2e.fr\/wp-content\/uploads\/2025\/08\/Compte-rendu-du-CA-du-14-mai-2025-17h.30-1-1.pdf\" data-type=\"URL\" data-id=\"http:\/\/www.av2e.fr\/wp-content\/uploads\/2025\/08\/Compte-rendu-du-CA-du-14-mai-2025-17h.30-1-1.pdf\" target=\"_blank\">http:\/\/www.av2e.fr\/wp-content\/uploads\/2025\/08\/Compte-rendu-du-CA-du-14-mai-2025-17h.30-1-1.pdf<\/a><\/p>\n\n\n\n<p>CA -AG -04 -05 -2025 <a rel=\"noreferrer noopener\" href=\"http:\/\/www.av2e.fr\/wp-content\/uploads\/2025\/08\/CR-de-lAG-AVE-du-4-avril2025-1.pdf\" data-type=\"URL\" data-id=\"http:\/\/www.av2e.fr\/wp-content\/uploads\/2025\/08\/CR-de-lAG-AVE-du-4-avril2025-1.pdf\" target=\"_blank\">http:\/\/www.av2e.fr\/wp-content\/uploads\/2025\/08\/CR-de-lAG-AVE-du-4-avril2025-1.pdf<\/a><\/p>\n\n\n\n<p> <a href=\"http:\/\/www.av2e.fr\/wp-content\/uploads\/2025\/02\/Compte-rendu-du-CA-du-4-fevrier-2025-18h-1.docx\" data-type=\"URL\" data-id=\"http:\/\/www.av2e.fr\/wp-content\/uploads\/2025\/02\/Compte-rendu-du-CA-du-4-fevrier-2025-18h-1.docx\">CA-04-02-25<\/a> <\/p>\n\n\n\n<p><a rel=\"noreferrer noopener\" href=\"http:\/\/www.av2e.fr\/wp-content\/uploads\/2024\/12\/Compte-rendu-du-CA-du-5-de\u0301cembre-2024-18h.pdf\" data-type=\"URL\" data-id=\"http:\/\/www.av2e.fr\/wp-content\/uploads\/2024\/12\/Compte-rendu-du-CA-du-5-de\u0301cembre-2024-18h.pdf\" target=\"_blank\">CR-CA-15-10-24<\/a><\/p>\n\n\n\n<p><a rel=\"noreferrer noopener\" href=\"http:\/\/www.av2e.fr\/wp-content\/uploads\/2024\/12\/Compte-rendu-du-CA-du-2-mai-2024-18h.pdf\" data-type=\"URL\" data-id=\"http:\/\/www.av2e.fr\/wp-content\/uploads\/2024\/12\/Compte-rendu-du-CA-du-2-mai-2024-18h.pdf\" target=\"_blank\">CR-CA-02-05-24<\/a><\/p>\n\n\n\n<p><a href=\"http:\/\/www.av2e.fr\/wp-content\/uploads\/2025\/08\/AG-av2e-2024.pdf\" data-type=\"URL\" data-id=\"http:\/\/www.av2e.fr\/wp-content\/uploads\/2025\/08\/AG-av2e-2024.pdf\">AG-av2e-2024.pdf<\/a><\/p>\n\n\n\n<p><a rel=\"noreferrer noopener\" href=\"http:\/\/www.av2e.fr\/wp-content\/uploads\/2024\/12\/Compte-rendu-CA-du-13-fe\u0301vrier-2024-.pdf\" data-type=\"URL\" data-id=\"http:\/\/www.av2e.fr\/wp-content\/uploads\/2024\/12\/Compte-rendu-CA-du-13-fe\u0301vrier-2024-.pdf\" target=\"_blank\">CR-CA-13-02-24<\/a><\/p>\n\n\n\n<p><a rel=\"noreferrer noopener\" href=\"http:\/\/www.av2e.fr\/wp-content\/uploads\/2023\/07\/Annexe-CA-22-06-2023.pdf\" data-type=\"URL\" data-id=\"http:\/\/www.av2e.fr\/wp-content\/uploads\/2023\/07\/Annexe-CA-22-06-2023.pdf\" target=\"_blank\">ANNEXE-CA-22-6-23<\/a><a href=\"http:\/\/www.av2e.fr\/wp-content\/uploads\/2025\/08\/Compte-rendu-du-CA-du-14-mai-2025-17h.30-1.pdf\" data-type=\"URL\" data-id=\"http:\/\/www.av2e.fr\/wp-content\/uploads\/2025\/08\/Compte-rendu-du-CA-du-14-mai-2025-17h.30-1.pdf\">http:\/\/www.av2e.fr\/wp-content\/uploads\/2025\/08\/Compte-rendu-du-CA-du-14-mai-2025-17h.30-1.pdf<\/a><\/p>\n\n\n\n<p><a rel=\"noreferrer noopener\" href=\"http:\/\/www.av2e.fr\/wp-content\/uploads\/2023\/12\/courrier-\u00e0-la-Marie-pr-signaler-\u00e9tat-g\u00e9n\u00e9ral-des-abords-de-la-r\u00e9sidence-Copie.pdf\" data-type=\"URL\" data-id=\"http:\/\/www.av2e.fr\/wp-content\/uploads\/2023\/12\/courrier-\u00e0-la-Marie-pr-signaler-\u00e9tat-g\u00e9n\u00e9ral-des-abords-de-la-r\u00e9sidence-Copie.pdf\" target=\"_blank\">COURRIER  FONCIA  OCTOBRE 2023<\/a><\/p>\n\n\n\n<p><a rel=\"noreferrer noopener\" href=\"http:\/\/www.av2e.fr\/wp-content\/uploads\/2024\/01\/CA-14-12-2023.pdf\" data-type=\"URL\" data-id=\"http:\/\/www.av2e.fr\/wp-content\/uploads\/2024\/01\/CA-14-12-2023.pdf\" target=\"_blank\">CA-14-12-2023<\/a><\/p>\n\n\n\n<p><a rel=\"noreferrer noopener\" href=\"http:\/\/www.av2e.fr\/wp-content\/uploads\/2023\/07\/CA-22-06-2023.pdf\" data-type=\"URL\" data-id=\"http:\/\/www.av2e.fr\/wp-content\/uploads\/2023\/07\/CA-22-06-2023.pdf\" target=\"_blank\">CR-CA-22-06-23<\/a><\/p>\n\n\n\n<p><a rel=\"noreferrer noopener\" href=\"http:\/\/www.av2e.fr\/wp-content\/uploads\/2024\/12\/CR-de-lAG-AVE-du-21-avril-2023-Copie.pdf\" data-type=\"URL\" data-id=\"http:\/\/www.av2e.fr\/wp-content\/uploads\/2024\/12\/CR-de-lAG-AVE-du-21-avril-2023-Copie.pdf\" target=\"_blank\">CR-AG-21-04-23<\/a><\/p>\n\n\n\n<p><a rel=\"noreferrer noopener\" href=\"http:\/\/www.av2e.fr\/wp-content\/uploads\/2023\/03\/CR-CA-09-03-23.pdf\" data-type=\"URL\" data-id=\"http:\/\/www.av2e.fr\/wp-content\/uploads\/2023\/03\/CR-CA-09-03-23.pdf\" target=\"_blank\">CR-CA 09-03-23<\/a><\/p>\n\n\n\n<p><a href=\"http:\/\/www.av2e.fr\/wp-content\/uploads\/2023\/03\/CR-CA-10-01-23.pdf\" data-type=\"URL\" data-id=\"http:\/\/www.av2e.fr\/wp-content\/uploads\/2023\/03\/CR-CA-10-01-23.pdf\">CR-CA-10-01-23<\/a><\/p>\n\n\n\n<p><a rel=\"noreferrer noopener\" href=\"http:\/\/www.av2e.fr\/wp-content\/uploads\/2022\/10\/CR-Seminaire-du-3-1-Aout-2022-chez-Gerard-Blanc-Villeneuve1.pdf\" target=\"_blank\" data-type=\"URL\" data-id=\"http:\/\/www.av2e.fr\/wp-content\/uploads\/2022\/10\/CR-Seminaire-du-3-1-Aout-2022-chez-Gerard-Blanc-Villeneuve1.pdf\">CR-31-08-22<\/a><\/p>\n\n\n\n<p><a rel=\"noreferrer noopener\" href=\"http:\/\/www.av2e.fr\/wp-content\/uploads\/2022\/10\/CR-CA-du-10-mai-2022-chez-Michel-21.pdf\" target=\"_blank\" data-type=\"URL\" data-id=\"http:\/\/www.av2e.fr\/wp-content\/uploads\/2022\/10\/CR-CA-du-10-mai-2022-chez-Michel-21.pdf\">CR-10-05-22<\/a><\/p>\n\n\n\n<p><a rel=\"noreferrer noopener\" href=\"http:\/\/www.av2e.fr\/wp-content\/uploads\/2022\/10\/CR-CA-du-8-fev-2022-chez-Catherine-21.pdf\" target=\"_blank\">CR-08-02-22<\/a><\/p>\n\n\n\n<p><a rel=\"noreferrer noopener\" href=\"http:\/\/www.av2e.fr\/wp-content\/uploads\/2022\/10\/CR-CA-du-8-decembre-2021-chez-Christine-21.pdf\" data-type=\"URL\" data-id=\"http:\/\/www.av2e.fr\/wp-content\/uploads\/2022\/10\/CR-CA-du-8-decembre-2021-chez-Christine-21.pdf\" target=\"_blank\">CR-08-12-21<\/a><\/p>\n\n\n\n<p><a rel=\"noreferrer noopener\" href=\"http:\/\/www.av2e.fr\/wp-content\/uploads\/2022\/10\/CR-Seminaire-du-3-1-Aout-2021-chez-Gerard-Blanc-Villeneuve1.pdf\" data-type=\"URL\" data-id=\"http:\/\/www.av2e.fr\/wp-content\/uploads\/2022\/10\/CR-Seminaire-du-3-1-Aout-2021-chez-Gerard-Blanc-Villeneuve1.pdf\" target=\"_blank\">CR-31-08-21<\/a><\/p>\n\n\n\n<p><a rel=\"noreferrer noopener\" href=\"http:\/\/www.av2e.fr\/wp-content\/uploads\/2022\/10\/CR-CA-du-12-octobre-2021-chez-Daniele.pdf\" data-type=\"URL\" data-id=\"http:\/\/www.av2e.fr\/wp-content\/uploads\/2022\/10\/CR-CA-du-12-octobre-2021-chez-Daniele.pdf\" target=\"_blank\">CR-12-10-21<\/a><\/p>\n\n\n\n<p><a rel=\"noreferrer noopener\" href=\"http:\/\/www.av2e.fr\/wp-content\/uploads\/2021\/09\/CR-S\u00e9minaire-03-06-21.pdf\" data-type=\"URL\" data-id=\"http:\/\/www.av2e.fr\/wp-content\/uploads\/2021\/09\/CR-S\u00e9minaire-03-06-21.pdf\" target=\"_blank\">CR-03-06-21<\/a><\/p>\n\n\n\n<p><a rel=\"noreferrer noopener\" href=\"http:\/\/www.av2e.fr\/CA-PDF\/CA-12-05-16.pdf\" data-type=\"URL\" data-id=\"http:\/\/www.av2e.fr\/CA-PDF\/CA-12-05-16.pdf\" target=\"_blank\">CA-12-05-16<\/a><\/p>\n\n\n\n<p><a rel=\"noreferrer noopener\" href=\"http:\/\/www.av2e.fr\/CA-PDF\/CA-15-03-17.pdf\" data-type=\"URL\" data-id=\"http:\/\/www.av2e.fr\/CA-PDF\/CA-15-03-17.pdf\" target=\"_blank\">CA-15-03-17<\/a><\/p>\n\n\n\n<p><a rel=\"noreferrer noopener\" href=\"http:\/\/www.av2e.fr\/CA-PDF\/CA-21-03-17.pdf\" data-type=\"URL\" data-id=\"http:\/\/www.av2e.fr\/CA-PDF\/CA-21-03-17.pdf\" target=\"_blank\">CA-21-03-17<\/a><\/p>\n\n\n\n<p><a rel=\"noreferrer noopener\" href=\"http:\/\/www.av2e.fr\/CA-PDF\/CA-06-06-17.pdf\" data-type=\"URL\" data-id=\"http:\/\/www.av2e.fr\/CA-PDF\/CA-06-06-17.pdf\" target=\"_blank\">CA-06-06-17<\/a><\/p>\n\n\n\n<p><a rel=\"noreferrer noopener\" href=\"http:\/\/www.av2e.fr\/CA-PDF\/CA-10-01-18.pdf\" data-type=\"URL\" data-id=\"http:\/\/www.av2e.fr\/CA-PDF\/CA-10-01-18.pdf\" target=\"_blank\">CA-10-01-18<\/a><\/p>\n\n\n\n<p><a rel=\"noreferrer noopener\" href=\"http:\/\/www.av2e.fr\/CA-PDF\/CA-11-04-18.pdf\" data-type=\"URL\" data-id=\"http:\/\/www.av2e.fr\/CA-PDF\/CA-11-04-18.pdf\" target=\"_blank\">CA-11-04-18<\/a><\/p>\n\n\n\n<p><a rel=\"noreferrer noopener\" href=\"http:\/\/www.av2e.fr\/CA-PDF\/CA-08-06-18.pdf\" data-type=\"URL\" data-id=\"http:\/\/www.av2e.fr\/CA-PDF\/CA-08-06-18.pdf\" target=\"_blank\">CA-08-06-18<\/a><\/p>\n\n\n\n<p><a rel=\"noreferrer noopener\" href=\"http:\/\/www.av2e.fr\/CA-PDF\/CA-19-09-18.pdf\" data-type=\"URL\" data-id=\"http:\/\/www.av2e.fr\/CA-PDF\/CA-19-09-18.pdf\" target=\"_blank\">CA-19-09-18<\/a><\/p>\n\n\n\n<p><a rel=\"noreferrer noopener\" href=\"http:\/\/www.av2e.fr\/CA-PDF\/CA-23-05-19.pdf\" data-type=\"URL\" data-id=\"http:\/\/www.av2e.fr\/CA-PDF\/CA-23-05-19.pdf\" target=\"_blank\">CA-23-05-19<\/a><\/p>\n\n\n\n<p><a rel=\"noreferrer noopener\" href=\"http:\/\/www.av2e.fr\/CA-PDF\/CA-28-08-19.pdf\" data-type=\"URL\" data-id=\"http:\/\/www.av2e.fr\/CA-PDF\/CA-28-08-19.pdf\" target=\"_blank\">CA-28-08-19<\/a><\/p>\n\n\n\n<p><a rel=\"noreferrer noopener\" href=\"http:\/\/www.av2e.fr\/CA-PDF\/CA-23-10-19.pdf\" data-type=\"URL\" data-id=\"http:\/\/www.av2e.fr\/CA-PDF\/CA-23-10-19.pdf\" target=\"_blank\">CA-23-10-19<\/a><\/p>\n\n\n\n<p><a rel=\"noreferrer noopener\" href=\"http:\/\/www.av2e.fr\/CA-PDF\/CA-14-01-20.pdf\" data-type=\"URL\" data-id=\"http:\/\/www.av2e.fr\/CA-PDF\/CA-14-01-20.pdf\" target=\"_blank\">CA-14-01-20<\/a><\/p>\n\n\n\n<p><a rel=\"noreferrer noopener\" href=\"http:\/\/www.av2e.fr\/CA-PDF\/CA-12-06-20.pdf\" data-type=\"URL\" data-id=\"http:\/\/www.av2e.fr\/CA-PDF\/CA-12-06-20.pdf\" target=\"_blank\">CA-12-06-20<\/a><\/p>\n\n\n\n<p><a rel=\"noreferrer noopener\" href=\"http:\/\/www.av2e.fr\/CA-PDF\/CA-27-08-20.pdf\" data-type=\"URL\" data-id=\"http:\/\/www.av2e.fr\/CA-PDF\/CA-27-08-20.pdf\" target=\"_blank\">CA-27-08-20<\/a><\/p>\n\n\n\n<p><a rel=\"noreferrer noopener\" href=\"http:\/\/www.av2e.fr\/CA-PDF\/CA-27-10-20.pdf\" data-type=\"URL\" data-id=\"http:\/\/www.av2e.fr\/CA-PDF\/CA-27-10-20.pdf\" target=\"_blank\">CA-27-10-20<\/a><\/p>\n\n\n\n<p><\/p>\n\n\n\n<p><strong><strong>PV d&rsquo;Assembl\u00e9e G\u00e9n\u00e9rale de l&rsquo;AV2E<\/strong><\/strong><\/p>\n\n\n\n<ul><li><a rel=\"noreferrer noopener\" href=\"http:\/\/www.av2e.fr\/PV-AG-PDF\/PV-AG-12-05-14.pdf\" data-type=\"URL\" data-id=\"http:\/\/www.av2e.fr\/PV-AG-PDF\/PV-AG-12-05-14.pdf\" target=\"_blank\">PV-AG-12-05-14<\/a><\/li><li><a rel=\"noreferrer noopener\" href=\"http:\/\/www.av2e.fr\/PV-AG-PDF\/PV-AG-09-04-15.pdf\" data-type=\"URL\" data-id=\"http:\/\/www.av2e.fr\/PV-AG-PDF\/PV-AG-09-04-15.pdf\" target=\"_blank\">PV-AG-09-04-15<\/a><\/li><li><a rel=\"noreferrer noopener\" href=\"http:\/\/www.av2e.fr\/PV-AG-PDF\/PV-AG-07-06-16.pdf\" data-type=\"URL\" data-id=\"http:\/\/www.av2e.fr\/PV-AG-PDF\/PV-AG-07-06-16.pdf\" target=\"_blank\">PV-AG-07-06-16<\/a><\/li><li><a rel=\"noreferrer noopener\" href=\"http:\/\/www.av2e.fr\/PV-AG-PDF\/PV-AG-23-05-17.pdf\" data-type=\"URL\" data-id=\"http:\/\/www.av2e.fr\/PV-AG-PDF\/PV-AG-23-05-17.pdf\" target=\"_blank\">PV-AG-23-05-17<\/a><\/li><li><a rel=\"noreferrer noopener\" href=\"http:\/\/www.av2e.fr\/PV-AG-PDF\/PV-AG-14-05-18.pdf\" data-type=\"URL\" data-id=\"http:\/\/www.av2e.fr\/PV-AG-PDF\/PV-AG-14-05-18.pdf\" target=\"_blank\">PV-AG-14-05-18<\/a><\/li><li><a rel=\"noreferrer noopener\" href=\"http:\/\/www.av2e.fr\/PV-AG-PDF\/PV-AG-25-04-19.pdf\" data-type=\"URL\" data-id=\"http:\/\/www.av2e.fr\/PV-AG-PDF\/PV-AG-25-04-19.pdf\" target=\"_blank\">PV-AG-25-04-19<\/a><\/li><li><a rel=\"noreferrer noopener\" href=\"http:\/\/av2e.fr\/PV-AG-PDF\/Rapport-financier-AG-AV2E-2022.pdf\" target=\"_blank\">PV-AG-08-04-22 &#8211; Rapport Financier<\/a><\/li><li><a rel=\"noreferrer noopener\" href=\"http:\/\/av2e.fr\/PV-AG-PDF\/AG-2022-actions-2020-2021-2022.pdf\" target=\"_blank\">ACTIONS-AG-2020-2021-2022<\/a><\/li><li><a rel=\"noreferrer noopener\" href=\"http:\/\/www.av2e.fr\/wp-content\/uploads\/2024\/12\/PV-AG-AV2E-2021.pdf\" data-type=\"URL\" data-id=\"http:\/\/www.av2e.fr\/wp-content\/uploads\/2024\/12\/PV-AG-AV2E-2021.pdf\" target=\"_blank\">PV-AG-15-04-21<\/a><\/li><li><a rel=\"noreferrer noopener\" href=\"http:\/\/www.av2e.fr\/wp-content\/uploads\/2022\/10\/AV2E_-PV-de-lAGO-du-8-avril-2022-2-converti.pdf\" data-type=\"URL\" data-id=\"http:\/\/www.av2e.fr\/wp-content\/uploads\/2022\/10\/AV2E_-PV-de-lAGO-du-8-avril-2022-2-converti.pdf\" target=\"_blank\">PV-AG-08-04-22<\/a><\/li><li><a href=\"http:\/\/www.av2e.fr\/wp-content\/uploads\/2024\/12\/PV-AG-AV2E-25-avril-2024_2.pdf\" data-type=\"URL\" data-id=\"http:\/\/www.av2e.fr\/wp-content\/uploads\/2024\/12\/PV-AG-AV2E-25-avril-2024_2.pdf\" target=\"_blank\" rel=\"noreferrer noopener\">PV-AG-25-04-24<\/a><\/li><\/ul>\n\n\n\n<p><\/p>\n\n\n\n<p><strong>Compte Rendu \u00e9lus et fonctionnels<\/strong><\/p>\n\n\n\n<p><em>CR r\u00e9union AV2E, in situ, quartier Esplanade de l\u2019Europe&nbsp;<\/em>du 06\/07\/21<br>\u2022 <a rel=\"noreferrer noopener\" href=\"http:\/\/www.av2e.fr\/wp-content\/uploads\/2021\/09\/CR-Mairie-06-07-2021.pdf\" data-type=\"URL\" data-id=\"http:\/\/www.av2e.fr\/wp-content\/uploads\/2021\/09\/CR-Mairie-06-07-2021.pdf\" target=\"_blank\">VOIR LE PDF<\/a><\/p>\n\n\n\n<p><\/p>\n\n\n\n<p><em>Rencontre psychologue sociales environnementaliste<\/em><br>\u2022 <a rel=\"noreferrer noopener\" href=\"http:\/\/av2e.fr\/PDF-CR\/CR-26-07-19.pdf\" data-type=\"URL\" data-id=\"http:\/\/av2e.fr\/PDF-CR\/CR-26-07-19.pdf\" target=\"_blank\">VOIR LE PDF<\/a><\/p>\n\n\n\n<p><\/p>\n\n\n\n<p><em>CR rencontre \u00e9quipe M. DELAFOSSE<\/em><br>\u2022 <a rel=\"noreferrer noopener\" href=\"http:\/\/av2e.fr\/PDF-CR\/CR-Delafosse.pdf\" data-type=\"URL\" data-id=\"http:\/\/av2e.fr\/PDF-CR\/CR-Delafosse.pdf\" target=\"_blank\">VOIR LE PDF<\/a><\/p>\n\n\n\n<p><\/p>\n\n\n\n<p><em>CR rencontre Houcine ARAB&nbsp;<\/em><br>\u2022 <a rel=\"noreferrer noopener\" href=\"http:\/\/av2e.fr\/PDF-CR\/CR-Arab.pdf\" data-type=\"URL\" data-id=\"http:\/\/av2e.fr\/PDF-CR\/CR-Arab.pdf\" target=\"_blank\">VOIR LE PDF<\/a><\/p>\n\n\n\n<p><\/p>\n\n\n\n<p><em>CR rencontre M. Mailhe BPI<\/em> <br>\u2022 <a rel=\"noreferrer noopener\" href=\"http:\/\/av2e.fr\/PDF-CR\/CR-Mailhe.pdf\" data-type=\"URL\" data-id=\"http:\/\/av2e.fr\/PDF-CR\/CR-Mailhe.pdf\" target=\"_blank\">VOIR LE PDF<\/a><\/p>\n\n\n\n<p><\/p>\n\n\n\n<p><em>CR rencontre Mme Myl\u00e8ne Chard\u00e8s<\/em><br>\u2022 <a href=\"http:\/\/av2e.fr\/PDF-CR\/CR-Chardes.pdf\" data-type=\"URL\" data-id=\"http:\/\/av2e.fr\/PDF-CR\/CR-Chardes.pdf\" target=\"_blank\" rel=\"noreferrer noopener\">VOIR LE PDF<\/a><\/p>\n\n\n\n<p><\/p>\n\n\n\n<p>CR service Communal d&rsquo;Hygi\u00e8ne et de Sant\u00e9<br>\u2022 <a href=\"http:\/\/av2e.fr\/PDF-CR\/CR-schs.pdf\" data-type=\"URL\" data-id=\"http:\/\/av2e.fr\/PDF-CR\/CR-schs.pdf\" target=\"_blank\" rel=\"noreferrer noopener\">VOIR LE PDF<\/a><\/p>\n\n\n\n<p><\/p>\n\n\n\n<p>CR visite de M.Rabii Youssous adjoint au maire<br>\u2022 <a href=\"http:\/\/av2e.fr\/PDF-CR\/CR-Youssous.pdf\" data-type=\"URL\" data-id=\"http:\/\/av2e.fr\/PDF-CR\/CR-Youssous.pdf\" target=\"_blank\" rel=\"noreferrer noopener\">VOIR LE PDF<\/a><\/p>\n\n\n\n<p><a href=\"http:\/\/www.av2e.fr\/wp-content\/uploads\/2023\/05\/rapport-moral-AV2E-2022-1-2.pdf\" data-type=\"URL\" data-id=\"http:\/\/www.av2e.fr\/wp-content\/uploads\/2023\/05\/rapport-moral-AV2E-2022-1-2.pdf\" target=\"_blank\" rel=\"noreferrer noopener\">Rapport moral AV2E -AG 2023<\/a><\/p>\n\n\n\n<h2><\/h2>\n","protected":false},"excerpt":{"rendered":"<p>Compte rendu des Conseils d&rsquo;administration de l\u2019AV2E et des AG CR-CA -07-10-25http:\/\/www.av2e.fr\/wp-content\/uploads\/2025\/11\/Compte-rendu-du-CA-du-7-octobre-2025-18-h-.pdf http:\/\/www.av2e.fr\/wp-content\/uploads\/2025\/08\/Compte-rendu-du-CA-du-14-mai-2025-17h.30-1-1.pdf CA -AG -04 -05 -2025 http:\/\/www.av2e.fr\/wp-content\/uploads\/2025\/08\/CR-de-lAG-AVE-du-4-avril2025-1.pdf CA-04-02-25 CR-CA-15-10-24 CR-CA-02-05-24 AG-av2e-2024.pdf CR-CA-13-02-24 ANNEXE-CA-22-6-23http:\/\/www.av2e.fr\/wp-content\/uploads\/2025\/08\/Compte-rendu-du-CA-du-14-mai-2025-17h.30-1.pdf COURRIER FONCIA OCTOBRE 2023 CA-14-12-2023 &#8230;<\/p>\n","protected":false},"author":1,"featured_media":0,"parent":0,"menu_order":0,"comment_status":"closed","ping_status":"closed","template":"","meta":[],"_links":{"self":[{"href":"https:\/\/www.av2e.fr\/index.php?rest_route=\/wp\/v2\/pages\/78"}],"collection":[{"href":"https:\/\/www.av2e.fr\/index.php?rest_route=\/wp\/v2\/pages"}],"about":[{"href":"https:\/\/www.av2e.fr\/index.php?rest_route=\/wp\/v2\/types\/page"}],"author":[{"embeddable":true,"href":"https:\/\/www.av2e.fr\/index.php?rest_route=\/wp\/v2\/users\/1"}],"replies":[{"embeddable":true,"href":"https:\/\/www.av2e.fr\/index.php?rest_route=%2Fwp%2Fv2%2Fcomments&post=78"}],"version-history":[{"count":36,"href":"https:\/\/www.av2e.fr\/index.php?rest_route=\/wp\/v2\/pages\/78\/revisions"}],"predecessor-version":[{"id":2001,"href":"https:\/\/www.av2e.fr\/index.php?rest_route=\/wp\/v2\/pages\/78\/revisions\/2001"}],"wp:attachment":[{"href":"https:\/\/www.av2e.fr\/index.php?rest_route=%2Fwp%2Fv2%2Fmedia&parent=78"}],"curies":[{"name":"wp","href":"https:\/\/api.w.org\/{rel}","templated":true}]}}